{"id":716,"date":"2024-05-28T11:09:39","date_gmt":"2024-05-28T10:09:39","guid":{"rendered":"http:\/\/www.catrin-schlensok.de\/ceg\/?page_id=716"},"modified":"2024-06-05T09:25:00","modified_gmt":"2024-06-05T08:25:00","slug":"wandern","status":"publish","type":"page","link":"https:\/\/www.catrin-schlensok.de\/ceg\/?page_id=716","title":{"rendered":"Wandern"},"content":{"rendered":"\n<h4 class=\"wp-block-heading\">Wie aus dem Wanderweg der Freundschaft eine Woche Me-Time wird. Und der Wanderweg auf anderen Wegen verl\u00e4uft.<\/h4>\n\n\n\n<p>28.05.2024<\/p>\n\n\n\n<p>Das Jahr 2024 startet mit dem Vorsatz: Dieses Jahr mach ich es. Dieses Jahr werde ich die ersten Kilometer auf dem Wanderweg der Freundschaft laufen. Dieses Jahr passiert es. Ich versuche, wenigstens jeden Monat ein Wochenende in Wanderschuhen zu verbringen. Ich leihe mir einen Rucksack aus, der auch f\u00fcr Mehrtagestouren geeignet w\u00e4re. Ich lese B\u00fccher, plane die Routen, buche Zimmer. <\/p>\n\n\n\n<p>Aber immer schwingt mit: Schaffst Du das ? Willst Du das ? Kannst Du das ? Die letzte Frage aber: Tut Dir das gut ? Und sp\u00e4testens da merke ich &#8211; nein, es ist nicht gut. 14 Tage vor dem Urlaub werfe ich alle Pl\u00e4ne \u00fcber den Haufen. Sage alle Buchungen ab. Werfe bei Gerd noch in die Waagschale, dass ich auch mit ihm nach Italien fahren w\u00fcrde, wenn die Option besteht. Dann, am 25. ist klar: ich geh wandern. Aber anders als gedacht. <\/p>\n\n\n\n<p>Und pl\u00f6tzlich f\u00fchlt es sich entspannt an. Und ich freue mich drauf. Ohne gro\u00dfe Pl\u00e4ne, spontan etwas tun zu k\u00f6nnen, Pl\u00e4ne \u00fcber den Haufen zu werfen, alles so anzupassen und zu reagiseren, dass ich mich damit wohl f\u00fchle. <\/p>\n\n\n\n<p>Und so k\u00f6nnte das hier ein Tagebuch von Wanderungen werden.<\/p>\n\n\n\n<p><\/p>\n<h3>Related Images:<\/h3>","protected":false},"excerpt":{"rendered":"<p>Wie aus dem Wanderweg der Freundschaft eine Woche Me-Time wird. Und der Wanderweg auf anderen Wegen verl\u00e4uft. 28.05.2024 Das Jahr 2024 startet mit dem Vorsatz: Dieses Jahr mach ich es. Dieses Jahr werde ich die ersten Kilometer auf dem Wanderweg der Freundschaft laufen. Dieses Jahr passiert es. Ich versuche, wenigstens jeden Monat ein Wochenende in &hellip; <a href=\"https:\/\/www.catrin-schlensok.de\/ceg\/?page_id=716\" class=\"more-link\"><span class=\"screen-reader-text\">\u201eWandern\u201c <\/span>weiterlesen<\/a><\/p>\n","protected":false},"author":1,"featured_media":0,"parent":0,"menu_order":0,"comment_status":"closed","ping_status":"closed","template":"","meta":{"ngg_post_thumbnail":0,"footnotes":""},"_links":{"self":[{"href":"https:\/\/www.catrin-schlensok.de\/ceg\/index.php?rest_route=\/wp\/v2\/pages\/716"}],"collection":[{"href":"https:\/\/www.catrin-schlensok.de\/ceg\/index.php?rest_route=\/wp\/v2\/pages"}],"about":[{"href":"https:\/\/www.catrin-schlensok.de\/ceg\/index.php?rest_route=\/wp\/v2\/types\/page"}],"author":[{"embeddable":true,"href":"https:\/\/www.catrin-schlensok.de\/ceg\/index.php?rest_route=\/wp\/v2\/users\/1"}],"replies":[{"embeddable":true,"href":"https:\/\/www.catrin-schlensok.de\/ceg\/index.php?rest_route=%2Fwp%2Fv2%2Fcomments&post=716"}],"version-history":[{"count":5,"href":"https:\/\/www.catrin-schlensok.de\/ceg\/index.php?rest_route=\/wp\/v2\/pages\/716\/revisions"}],"predecessor-version":[{"id":729,"href":"https:\/\/www.catrin-schlensok.de\/ceg\/index.php?rest_route=\/wp\/v2\/pages\/716\/revisions\/729"}],"wp:attachment":[{"href":"https:\/\/www.catrin-schlensok.de\/ceg\/index.php?rest_route=%2Fwp%2Fv2%2Fmedia&parent=716"}],"curies":[{"name":"wp","href":"https:\/\/api.w.org\/{rel}","templated":true}]}}